{"id":3163,"date":"2018-02-26T02:47:39","date_gmt":"2018-02-26T00:47:39","guid":{"rendered":"https:\/\/www.proserhabit.com\/empresa\/"},"modified":"2019-10-06T18:36:32","modified_gmt":"2019-10-06T16:36:32","slug":"empresa","status":"publish","type":"page","link":"https:\/\/www.proserhabit.com\/ca\/empresa\/","title":{"rendered":"Sobre nosaltres"},"content":{"rendered":"<div class=\"wpb-content-wrapper\"><p>[vc_row][vc_column width=&#8221;1\/2&#8243;][vc_column_text]<strong>Proserhabit<\/strong> \u00e9s una empresa d&#8217;<strong>Esparreguera (Barcelona) <\/strong>dedicada al sector de la construcci\u00f3 i especialitzada en la realitzaci\u00f3 d&#8217;estructures de formig\u00f3, fonaments, murs de contenci\u00f3 de tota mena, subministrament i muntatge de ferro.<\/p>\n<p>Vam iniciar la nostra activitat amb treballs a la zona de Collbat\u00f3, Esparreguera, El Bruc, Martorell, Abrera&#8230; I a poc a poc hem anat treballant all\u00e0 on els clients ens demanen i ens donen l&#8217;oportunitat, per la qual cosa els nostres prove\u00efdors no es limiten a una zona concreta.<\/p>\n<p><strong>M\u00e9s de 20 anys d&#8217;experi\u00e8ncia<\/strong> ens avalen en obres d&#8217;edificaci\u00f3 de tot tipus i la nostra <strong>professionalitat<\/strong> i <strong>serietat <\/strong>s\u00f3n els nostres signes de distinci\u00f3.<\/p>\n<p>Des de la seva fundaci\u00f3, l&#8217;empresa ha sobreviscut diverses etapes del segment de la construcci\u00f3, sempre valorant, respectant i seguint els valors que fan de Proserhabit una <strong>empresa responsable<\/strong>.[\/vc_column_text][\/vc_column][vc_column width=&#8221;1\/2&#8243;][vc_single_image image=&#8221;3049&#8243; img_size=&#8221;full&#8221; alignment=&#8221;center&#8221;][\/vc_column][\/vc_row][vc_row][vc_column width=&#8221;1\/2&#8243;][vc_single_image image=&#8221;3048&#8243; img_size=&#8221;full&#8221; alignment=&#8221;center&#8221;][\/vc_column][vc_column width=&#8221;1\/2&#8243;][vc_column_text]Perqu\u00e8 una empresa evolucioni, ha d&#8217;aprendre a canviar i millorar amb el temps i el treball.<\/p>\n<p>Perseguim alts valors morals per brindar als nostres clients <strong>confian\u00e7a<\/strong> i <strong>seguretat<\/strong>.<\/p>\n<p>Busquem superar les expectatives dels nostres clients mitjan\u00e7ant la <strong>qualitat constructiva<\/strong>, un <strong>excel\u00b7lent servei<\/strong> basat en la disciplina i el <strong>treball en equip<\/strong> entre el client i Proserhabit que, creiem, \u00e9s la combinaci\u00f3 perfecta per obtenir resultats excel\u00b7lents.<\/p>\n<p>El nostre equip de treball t\u00e9 una <strong>\u00e0mplia experi\u00e8ncia professional de m\u00e9s de 20 anys<\/strong> i una <strong>alta qualificaci\u00f3<\/strong> que, al costat d&#8217;una filosofia de servei al client, garanteix la seva <strong>total satisfacci\u00f3<\/strong> i la <strong>qualitat<\/strong> de les obres realitzades. Junts, facilitem els projectes dels nostres clients i, per la nostra experi\u00e8ncia, la qualitat dels mateixos.<\/p>\n<p>A m\u00e9s, depenem de nosaltres mateixos ja que disposem de taller de ferralla propi.<\/p>\n<p>Esperem tenir l&#8217;oportunitat de pressupostar alguns dels seus projectes i posem a la seva disposici\u00f3 visitar alguna de les nostres obres.[\/vc_column_text][\/vc_column][\/vc_row][vc_row full_width=&#8221;stretch_row&#8221; content_placement=&#8221;middle&#8221; parallax=&#8221;content-moving&#8221; parallax_image=&#8221;2629&#8243; parallax_speed_bg=&#8221;2&#8243; css=&#8221;.vc_custom_1544778811109{margin-top: 75px !important;margin-bottom: 50px !important;padding-top: 50px !important;padding-bottom: 50px !important;background-position: center;background-repeat: no-repeat !important;background-size: cover !important;}&#8221;][vc_column][vc_row_inner][vc_column_inner width=&#8221;1\/6&#8243;][\/vc_column_inner][vc_column_inner width=&#8221;2\/3&#8243; animation_column=&#8221;fadeIn&#8221;][cms_heading text=&#8221;ELS NOSTRES VALORS&#8221; tag=&#8221;div&#8221; align_lg=&#8221;align-center&#8221; align_md=&#8221;align-center-md&#8221; align_sm=&#8221;align-center-sm&#8221; align_xs=&#8221;align-center-xs&#8221; font_size=&#8221;14px&#8221; font_size_md=&#8221;14px&#8221; font_size_sm=&#8221;14px&#8221; font_size_xs=&#8221;14px&#8221; font_weight=&#8221;700&#8243; text_color=&#8221;#ffab00&#8243; margin_bottom=&#8221;6px&#8221;][cms_heading text=&#8221;Amb m\u00e9s de <cite>20 anys d&#8217;experi\u00e8ncia<\/cite> que avalen la nostra professionalitat.&#8221; align_lg=&#8221;align-center&#8221; align_md=&#8221;align-center-md&#8221; align_sm=&#8221;align-center-sm&#8221; align_xs=&#8221;align-center-xs&#8221; font_size=&#8221;36px&#8221; font_size_md=&#8221;36px&#8221; font_size_sm=&#8221;32px&#8221; font_size_xs=&#8221;32px&#8221; line_height=&#8221;40px&#8221; line_height_md=&#8221;40px&#8221; line_height_sm=&#8221;40px&#8221; line_height_xs=&#8221;40px&#8221; font_weight=&#8221;700&#8243; text_color=&#8221;#f4f4f4&#8243;][\/vc_column_inner][vc_column_inner width=&#8221;1\/6&#8243;][\/vc_column_inner][\/vc_row_inner][\/vc_column][\/vc_row][vc_row][vc_column][vc_row_inner][vc_column_inner width=&#8221;1\/3&#8243; cms_column_inner_class=&#8221;rm-padding-lg&#8221; css=&#8221;.vc_custom_1528101207997{padding-top: 0px !important;padding-right: 90px !important;padding-bottom: 40px !important;}&#8221; animation_column=&#8221;fadeIn&#8221;][cms_fancybox cms_template=&#8221;cms_fancybox&#8211;layout6.php&#8221; title=&#8221;Especialitat&#8221; title_number=&#8221;01&#8243; description=&#8221;Estem especialitzats en la realitzaci\u00f3 d&#8217;estructures de formig\u00f3, fonaments, murs de contenci\u00f3 de tota mena, subministrament i muntatge de ferro.&#8221;][\/vc_column_inner][vc_column_inner width=&#8221;1\/3&#8243; cms_column_inner_class=&#8221;rm-padding-lg&#8221; css=&#8221;.vc_custom_1528101198795{padding-top: 0px !important;padding-right: 90px !important;padding-bottom: 40px !important;}&#8221; animation_column=&#8221;fadeIn&#8221;][cms_fancybox cms_template=&#8221;cms_fancybox&#8211;layout6.php&#8221; title=&#8221;Professionalitat&#8221; title_number=&#8221;02&#8243; description=&#8221;M\u00e9s de 20 anys d&#8217;experi\u00e8ncia ens avalen en obres d&#8217;edificaci\u00f3 de tota mena i la nostra professionalitat i serietat s\u00f3n els nostres signes de distinci\u00f3.&#8221;][\/vc_column_inner][vc_column_inner width=&#8221;1\/3&#8243; cms_column_inner_class=&#8221;rm-padding-lg&#8221; css=&#8221;.vc_custom_1528101192145{padding-top: 0px !important;padding-right: 90px !important;padding-bottom: 40px !important;}&#8221; animation_column=&#8221;fadeIn&#8221;][cms_fancybox cms_template=&#8221;cms_fancybox&#8211;layout6.php&#8221; title=&#8221;Responsables&#8221; title_number=&#8221;03&#8243; description=&#8221;Hem sobreviscut diverses etapes del segment de la construcci\u00f3, sempre valorant, respectant i seguint els valors que fan de Proserhabit una empresa responsable.&#8221;][\/vc_column_inner][\/vc_row_inner][vc_empty_space height=&#8221;75px&#8221;][vc_row_inner][vc_column_inner width=&#8221;1\/3&#8243; cms_column_inner_class=&#8221;rm-padding-lg&#8221; css=&#8221;.vc_custom_1528101151510{padding-top: 0px !important;padding-right: 90px !important;padding-bottom: 40px !important;}&#8221; animation_column=&#8221;fadeIn&#8221;][cms_fancybox cms_template=&#8221;cms_fancybox&#8211;layout6.php&#8221; title=&#8221;Confian\u00e7a&#8221; title_number=&#8221;04&#8243; description=&#8221;Perseguim alts valors morals per brindar als nostres clients confian\u00e7a i seguretat, busquem superar les expectatives dels nostres clients mitjan\u00e7ant la qualitat constructiva.&#8221;][\/vc_column_inner][vc_column_inner width=&#8221;1\/3&#8243; cms_column_inner_class=&#8221;rm-padding-lg&#8221; css=&#8221;.vc_custom_1528101108906{padding-top: 0px !important;padding-right: 90px !important;padding-bottom: 40px !important;}&#8221; animation_column=&#8221;fadeIn&#8221;][cms_fancybox cms_template=&#8221;cms_fancybox&#8211;layout6.php&#8221; title=&#8221;Qualitat&#8221; title_number=&#8221;05&#8243; description=&#8221;Un excel\u00b7lent servei basat en la disciplina i el treball en equip entre el client i Proserhabit creiem que \u00e9s la combinaci\u00f3 perfecta per obtenir resultats excel\u00b7lents.&#8221;][\/vc_column_inner][vc_column_inner width=&#8221;1\/3&#8243; cms_column_inner_class=&#8221;rm-padding-lg&#8221; css=&#8221;.vc_custom_1528101096552{padding-top: 0px !important;padding-right: 90px !important;padding-bottom: 40px !important;}&#8221; animation_column=&#8221;fadeIn&#8221;][cms_fancybox cms_template=&#8221;cms_fancybox&#8211;layout6.php&#8221; title=&#8221;Experi\u00e8ncia&#8221; title_number=&#8221;06&#8243; description=&#8221;El nostre equip de treball t\u00e9 una \u00e0mplia experi\u00e8ncia professional i una alta qualificaci\u00f3 que, al costat d&#8217;una filosofia de servei al client, garanteix la seva total satisfacci\u00f3.&#8221;][\/vc_column_inner][\/vc_row_inner][vc_empty_space height=&#8221;96px&#8221;][\/vc_column][\/vc_row]<\/p>\n<\/div>","protected":false},"excerpt":{"rendered":"<p>[vc_row][vc_column width=&#8221;1\/2&#8243;][vc_column_text]Proserhabit \u00e9s una empresa d&#8217;Esparreguera (Barcelona) dedicada al sector de la construcci\u00f3 i especialitzada en la realitzaci\u00f3 d&#8217;estructures de formig\u00f3, fonaments, murs de contenci\u00f3 de tota mena, subministrament i muntatge de ferro. Vam iniciar la nostra activitat amb treballs a la zona de Collbat\u00f3, Esparreguera, El Bruc, Martorell, Abrera&#8230; I a poc a poc [&hellip;]<\/p>\n","protected":false},"author":1,"featured_media":0,"parent":0,"menu_order":0,"comment_status":"closed","ping_status":"closed","template":"","meta":{"footnotes":""},"class_list":["post-3163","page","type-page","status-publish","hentry"],"yoast_head":"<!-- This site is optimized with the Yoast SEO plugin v26.6 - https:\/\/yoast.com\/wordpress\/plugins\/seo\/ -->\n<title>Sobre Proserhabit \u00b7 M\u00e9s de 20 anys d&#039;experi\u00e8ncia en el sector<\/title>\n<meta name=\"description\" content=\"Som una empresa d&#039;Esparreguera (Barcelona) dedicada al sector de la construcci\u00f3, professional, seriosa, de confian\u00e7a, segura i responsable.\" \/>\n<meta name=\"robots\" content=\"index, follow, max-snippet:-1, max-image-preview:large, max-video-preview:-1\" \/>\n<link rel=\"canonical\" href=\"https:\/\/www.proserhabit.com\/ca\/empresa\/\" \/>\n<meta property=\"og:locale\" content=\"ca_ES\" \/>\n<meta property=\"og:type\" content=\"article\" \/>\n<meta property=\"og:title\" content=\"Sobre Proserhabit \u00b7 M\u00e9s de 20 anys d&#039;experi\u00e8ncia en el sector\" \/>\n<meta property=\"og:description\" content=\"Som una empresa d&#039;Esparreguera (Barcelona) dedicada al sector de la construcci\u00f3, professional, seriosa, de confian\u00e7a, segura i responsable.\" \/>\n<meta property=\"og:url\" content=\"https:\/\/www.proserhabit.com\/ca\/empresa\/\" \/>\n<meta property=\"og:site_name\" content=\"Proserhabit\" \/>\n<meta property=\"article:modified_time\" content=\"2019-10-06T16:36:32+00:00\" \/>\n<meta property=\"og:image\" content=\"https:\/\/www.proserhabit.com\/wp-content\/uploads\/2019\/10\/proserhabit-fb.jpg\" \/>\n\t<meta property=\"og:image:width\" content=\"1200\" \/>\n\t<meta property=\"og:image:height\" content=\"630\" \/>\n\t<meta property=\"og:image:type\" content=\"image\/jpeg\" \/>\n<meta name=\"twitter:card\" content=\"summary_large_image\" \/>\n<meta name=\"twitter:image\" content=\"https:\/\/www.proserhabit.com\/wp-content\/uploads\/2019\/10\/proserhabit-tw.jpg\" \/>\n<meta name=\"twitter:label1\" content=\"Temps estimat de lectura\" \/>\n\t<meta name=\"twitter:data1\" content=\"5 minuts\" \/>\n<script type=\"application\/ld+json\" class=\"yoast-schema-graph\">{\"@context\":\"https:\/\/schema.org\",\"@graph\":[{\"@type\":\"WebPage\",\"@id\":\"https:\/\/www.proserhabit.com\/ca\/empresa\/\",\"url\":\"https:\/\/www.proserhabit.com\/ca\/empresa\/\",\"name\":\"Sobre Proserhabit \u00b7 M\u00e9s de 20 anys d'experi\u00e8ncia en el sector\",\"isPartOf\":{\"@id\":\"https:\/\/www.proserhabit.com\/ca\/#website\"},\"datePublished\":\"2018-02-26T00:47:39+00:00\",\"dateModified\":\"2019-10-06T16:36:32+00:00\",\"description\":\"Som una empresa d'Esparreguera (Barcelona) dedicada al sector de la construcci\u00f3, professional, seriosa, de confian\u00e7a, segura i responsable.\",\"breadcrumb\":{\"@id\":\"https:\/\/www.proserhabit.com\/ca\/empresa\/#breadcrumb\"},\"inLanguage\":\"ca\",\"potentialAction\":[{\"@type\":\"ReadAction\",\"target\":[\"https:\/\/www.proserhabit.com\/ca\/empresa\/\"]}]},{\"@type\":\"BreadcrumbList\",\"@id\":\"https:\/\/www.proserhabit.com\/ca\/empresa\/#breadcrumb\",\"itemListElement\":[{\"@type\":\"ListItem\",\"position\":1,\"name\":\"Portada\",\"item\":\"https:\/\/www.proserhabit.com\/ca\/\"},{\"@type\":\"ListItem\",\"position\":2,\"name\":\"Sobre nosaltres\"}]},{\"@type\":\"WebSite\",\"@id\":\"https:\/\/www.proserhabit.com\/ca\/#website\",\"url\":\"https:\/\/www.proserhabit.com\/ca\/\",\"name\":\"Proserhabit\",\"description\":\"S&oacute;lo otro sitio de WordPress\",\"publisher\":{\"@id\":\"https:\/\/www.proserhabit.com\/ca\/#organization\"},\"potentialAction\":[{\"@type\":\"SearchAction\",\"target\":{\"@type\":\"EntryPoint\",\"urlTemplate\":\"https:\/\/www.proserhabit.com\/ca\/?s={search_term_string}\"},\"query-input\":{\"@type\":\"PropertyValueSpecification\",\"valueRequired\":true,\"valueName\":\"search_term_string\"}}],\"inLanguage\":\"ca\"},{\"@type\":\"Organization\",\"@id\":\"https:\/\/www.proserhabit.com\/ca\/#organization\",\"name\":\"Proserhabit, S.L.\",\"url\":\"https:\/\/www.proserhabit.com\/ca\/\",\"logo\":{\"@type\":\"ImageObject\",\"inLanguage\":\"ca\",\"@id\":\"https:\/\/www.proserhabit.com\/ca\/#\/schema\/logo\/image\/\",\"url\":\"https:\/\/www.proserhabit.com\/wp-content\/uploads\/2018\/10\/proserhabit-logo-c.png\",\"contentUrl\":\"https:\/\/www.proserhabit.com\/wp-content\/uploads\/2018\/10\/proserhabit-logo-c.png\",\"width\":287,\"height\":55,\"caption\":\"Proserhabit, S.L.\"},\"image\":{\"@id\":\"https:\/\/www.proserhabit.com\/ca\/#\/schema\/logo\/image\/\"}}]}<\/script>\n<!-- \/ Yoast SEO plugin. -->","yoast_head_json":{"title":"Sobre Proserhabit \u00b7 M\u00e9s de 20 anys d'experi\u00e8ncia en el sector","description":"Som una empresa d'Esparreguera (Barcelona) dedicada al sector de la construcci\u00f3, professional, seriosa, de confian\u00e7a, segura i responsable.","robots":{"index":"index","follow":"follow","max-snippet":"max-snippet:-1","max-image-preview":"max-image-preview:large","max-video-preview":"max-video-preview:-1"},"canonical":"https:\/\/www.proserhabit.com\/ca\/empresa\/","og_locale":"ca_ES","og_type":"article","og_title":"Sobre Proserhabit \u00b7 M\u00e9s de 20 anys d'experi\u00e8ncia en el sector","og_description":"Som una empresa d'Esparreguera (Barcelona) dedicada al sector de la construcci\u00f3, professional, seriosa, de confian\u00e7a, segura i responsable.","og_url":"https:\/\/www.proserhabit.com\/ca\/empresa\/","og_site_name":"Proserhabit","article_modified_time":"2019-10-06T16:36:32+00:00","og_image":[{"width":1200,"height":630,"url":"https:\/\/www.proserhabit.com\/wp-content\/uploads\/2019\/10\/proserhabit-fb.jpg","type":"image\/jpeg"}],"twitter_card":"summary_large_image","twitter_image":"https:\/\/www.proserhabit.com\/wp-content\/uploads\/2019\/10\/proserhabit-tw.jpg","twitter_misc":{"Temps estimat de lectura":"5 minuts"},"schema":{"@context":"https:\/\/schema.org","@graph":[{"@type":"WebPage","@id":"https:\/\/www.proserhabit.com\/ca\/empresa\/","url":"https:\/\/www.proserhabit.com\/ca\/empresa\/","name":"Sobre Proserhabit \u00b7 M\u00e9s de 20 anys d'experi\u00e8ncia en el sector","isPartOf":{"@id":"https:\/\/www.proserhabit.com\/ca\/#website"},"datePublished":"2018-02-26T00:47:39+00:00","dateModified":"2019-10-06T16:36:32+00:00","description":"Som una empresa d'Esparreguera (Barcelona) dedicada al sector de la construcci\u00f3, professional, seriosa, de confian\u00e7a, segura i responsable.","breadcrumb":{"@id":"https:\/\/www.proserhabit.com\/ca\/empresa\/#breadcrumb"},"inLanguage":"ca","potentialAction":[{"@type":"ReadAction","target":["https:\/\/www.proserhabit.com\/ca\/empresa\/"]}]},{"@type":"BreadcrumbList","@id":"https:\/\/www.proserhabit.com\/ca\/empresa\/#breadcrumb","itemListElement":[{"@type":"ListItem","position":1,"name":"Portada","item":"https:\/\/www.proserhabit.com\/ca\/"},{"@type":"ListItem","position":2,"name":"Sobre nosaltres"}]},{"@type":"WebSite","@id":"https:\/\/www.proserhabit.com\/ca\/#website","url":"https:\/\/www.proserhabit.com\/ca\/","name":"Proserhabit","description":"S&oacute;lo otro sitio de WordPress","publisher":{"@id":"https:\/\/www.proserhabit.com\/ca\/#organization"},"potentialAction":[{"@type":"SearchAction","target":{"@type":"EntryPoint","urlTemplate":"https:\/\/www.proserhabit.com\/ca\/?s={search_term_string}"},"query-input":{"@type":"PropertyValueSpecification","valueRequired":true,"valueName":"search_term_string"}}],"inLanguage":"ca"},{"@type":"Organization","@id":"https:\/\/www.proserhabit.com\/ca\/#organization","name":"Proserhabit, S.L.","url":"https:\/\/www.proserhabit.com\/ca\/","logo":{"@type":"ImageObject","inLanguage":"ca","@id":"https:\/\/www.proserhabit.com\/ca\/#\/schema\/logo\/image\/","url":"https:\/\/www.proserhabit.com\/wp-content\/uploads\/2018\/10\/proserhabit-logo-c.png","contentUrl":"https:\/\/www.proserhabit.com\/wp-content\/uploads\/2018\/10\/proserhabit-logo-c.png","width":287,"height":55,"caption":"Proserhabit, S.L."},"image":{"@id":"https:\/\/www.proserhabit.com\/ca\/#\/schema\/logo\/image\/"}}]}},"_links":{"self":[{"href":"https:\/\/www.proserhabit.com\/ca\/wp-json\/wp\/v2\/pages\/3163","targetHints":{"allow":["GET"]}}],"collection":[{"href":"https:\/\/www.proserhabit.com\/ca\/wp-json\/wp\/v2\/pages"}],"about":[{"href":"https:\/\/www.proserhabit.com\/ca\/wp-json\/wp\/v2\/types\/page"}],"author":[{"embeddable":true,"href":"https:\/\/www.proserhabit.com\/ca\/wp-json\/wp\/v2\/users\/1"}],"replies":[{"embeddable":true,"href":"https:\/\/www.proserhabit.com\/ca\/wp-json\/wp\/v2\/comments?post=3163"}],"version-history":[{"count":3,"href":"https:\/\/www.proserhabit.com\/ca\/wp-json\/wp\/v2\/pages\/3163\/revisions"}],"predecessor-version":[{"id":3166,"href":"https:\/\/www.proserhabit.com\/ca\/wp-json\/wp\/v2\/pages\/3163\/revisions\/3166"}],"wp:attachment":[{"href":"https:\/\/www.proserhabit.com\/ca\/wp-json\/wp\/v2\/media?parent=3163"}],"curies":[{"name":"wp","href":"https:\/\/api.w.org\/{rel}","templated":true}]}}