{"id":3174,"date":"2018-02-26T02:48:52","date_gmt":"2018-02-26T00:48:52","guid":{"rendered":"https:\/\/www.proserhabit.com\/contacto\/"},"modified":"2019-10-06T18:38:21","modified_gmt":"2019-10-06T16:38:21","slug":"contacte","status":"publish","type":"page","link":"https:\/\/www.proserhabit.com\/ca\/contacte\/","title":{"rendered":"Contacti amb nosaltres"},"content":{"rendered":"<div class=\"wpb-content-wrapper\"><p>[vc_row equal_height=&#8221;yes&#8221; css=&#8221;.vc_custom_1540462379862{margin-bottom: 90px !important;}&#8221;][vc_column width=&#8221;1\/2&#8243; offset=&#8221;vc_col-lg-4 vc_col-md-5&#8243; css=&#8221;.vc_custom_1527520437156{padding-top: 0px !important;padding-bottom: 30px !important;}&#8221;][cms_contact_info cms_template=&#8221;cms_contact_info&#8211;layout3.php&#8221; el_title=&#8221;Les nostres dades&#8221; ctf_items2=&#8221;%5B%7B%22ctf_title%22%3A%22Truqui&#8217;ns%22%2C%22ctf_content%22%3A%2293%20777%2058%2006%3Cbr%3E%5Cn659%20303%20425%22%2C%22ctf_type%22%3A%22phone%22%7D%2C%7B%22ctf_title%22%3A%22Escrigui&#8217;ns%22%2C%22ctf_content%22%3A%22proserhabit%40proserhabit.com%22%2C%22ctf_type%22%3A%22email%22%7D%2C%7B%22ctf_title%22%3A%22Visiti&#8217;ns%22%2C%22ctf_content%22%3A%22Cam%C3%AD%20de%20Can%20Comelles%2C%202%3Cbr%3E%5Cn08292%20Esparreguera%3Cbr%3E%5CnBarcelona%22%2C%22ctf_type%22%3A%22address%22%7D%5D&#8221;][\/vc_column][vc_column width=&#8221;1\/2&#8243; offset=&#8221;vc_col-lg-8 vc_col-md-7&#8243; css=&#8221;.vc_custom_1527520442821{padding-top: 0px !important;padding-bottom: 30px !important;}&#8221;][cms_googlemap styles=&#8221;border-radius&#8221; api=&#8221;AIzaSyAsWYUdw4FETGA_MeAjgaK71Tpu4NCSi-4&#8243; address=&#8221;&#8221; coordinate=&#8221;41.544483,1.864737&#8243; markercoordinate=&#8221;41.544483,1.864737&#8243; markericon=&#8221;2391&#8243; style=&#8221;custom&#8221; zoom=&#8221;15&#8243; height=&#8221;430px&#8221; zoomcontrol=&#8221;1&#8243; maptypecontrol=&#8221;1&#8243; streetviewcontrol=&#8221;1&#8243; overviewmapcontrol=&#8221;1&#8243;]JTVCJTdCJTIyZmVhdHVyZVR5cGUlMjIlM0ElMjJ3YXRlciUyMiUyQyUyMmVsZW1lbnRUeXBlJTIyJTNBJTIyZ2VvbWV0cnklMjIlMkMlMjJzdHlsZXJzJTIyJTNBJTVCJTdCJTIyY29sb3IlMjIlM0ElMjIlMjNlOWU5ZTklMjIlN0QlMkMlN0IlMjJsaWdodG5lc3MlMjIlM0ExNyU3RCU1RCU3RCUyQyU3QiUyMmZlYXR1cmVUeXBlJTIyJTNBJTIybGFuZHNjYXBlJTIyJTJDJTIyZWxlbWVudFR5cGUlMjIlM0ElMjJnZW9tZXRyeSUyMiUyQyUyMnN0eWxlcnMlMjIlM0ElNUIlN0IlMjJjb2xvciUyMiUzQSUyMiUyM2Y1ZjVmNSUyMiU3RCUyQyU3QiUyMmxpZ2h0bmVzcyUyMiUzQTIwJTdEJTVEJTdEJTJDJTdCJTIyZmVhdHVyZVR5cGUlMjIlM0ElMjJyb2FkLmhpZ2h3YXklMjIlMkMlMjJlbGVtZW50VHlwZSUyMiUzQSUyMmdlb21ldHJ5LmZpbGwlMjIlMkMlMjJzdHlsZXJzJTIyJTNBJTVCJTdCJTIyY29sb3IlMjIlM0ElMjIlMjNmZmZmZmYlMjIlN0QlMkMlN0IlMjJsaWdodG5lc3MlMjIlM0ExNyU3RCU1RCU3RCUyQyU3QiUyMmZlYXR1cmVUeXBlJTIyJTNBJTIycm9hZC5oaWdod2F5JTIyJTJDJTIyZWxlbWVudFR5cGUlMjIlM0ElMjJnZW9tZXRyeS5zdHJva2UlMjIlMkMlMjJzdHlsZXJzJTIyJTNBJTVCJTdCJTIyY29sb3IlMjIlM0ElMjIlMjNmZmZmZmYlMjIlN0QlMkMlN0IlMjJsaWdodG5lc3MlMjIlM0EyOSU3RCUyQyU3QiUyMndlaWdodCUyMiUzQTAuMiU3RCU1RCU3RCUyQyU3QiUyMmZlYXR1cmVUeXBlJTIyJTNBJTIycm9hZC5hcnRlcmlhbCUyMiUyQyUyMmVsZW1lbnRUeXBlJTIyJTNBJTIyZ2VvbWV0cnklMjIlMkMlMjJzdHlsZXJzJTIyJTNBJTVCJTdCJTIyY29sb3IlMjIlM0ElMjIlMjNmZmZmZmYlMjIlN0QlMkMlN0IlMjJsaWdodG5lc3MlMjIlM0ExOCU3RCU1RCU3RCUyQyU3QiUyMmZlYXR1cmVUeXBlJTIyJTNBJTIycm9hZC5sb2NhbCUyMiUyQyUyMmVsZW1lbnRUeXBlJTIyJTNBJTIyZ2VvbWV0cnklMjIlMkMlMjJzdHlsZXJzJTIyJTNBJTVCJTdCJTIyY29sb3IlMjIlM0ElMjIlMjNmZmZmZmYlMjIlN0QlMkMlN0IlMjJsaWdodG5lc3MlMjIlM0ExNiU3RCU1RCU3RCUyQyU3QiUyMmZlYXR1cmVUeXBlJTIyJTNBJTIycG9pJTIyJTJDJTIyZWxlbWVudFR5cGUlMjIlM0ElMjJnZW9tZXRyeSUyMiUyQyUyMnN0eWxlcnMlMjIlM0ElNUIlN0IlMjJjb2xvciUyMiUzQSUyMiUyM2Y1ZjVmNSUyMiU3RCUyQyU3QiUyMmxpZ2h0bmVzcyUyMiUzQTIxJTdEJTVEJTdEJTJDJTdCJTIyZmVhdHVyZVR5cGUlMjIlM0ElMjJwb2kucGFyayUyMiUyQyUyMmVsZW1lbnRUeXBlJTIyJTNBJTIyZ2VvbWV0cnklMjIlMkMlMjJzdHlsZXJzJTIyJTNBJTVCJTdCJTIyY29sb3IlMjIlM0ElMjIlMjNkZWRlZGUlMjIlN0QlMkMlN0IlMjJsaWdodG5lc3MlMjIlM0EyMSU3RCU1RCU3RCUyQyU3QiUyMmVsZW1lbnRUeXBlJTIyJTNBJTIybGFiZWxzLnRleHQuc3Ryb2tlJTIyJTJDJTIyc3R5bGVycyUyMiUzQSU1QiU3QiUyMnZpc2liaWxpdHklMjIlM0ElMjJvbiUyMiU3RCUyQyU3QiUyMmNvbG9yJTIyJTNBJTIyJTIzZmZmZmZmJTIyJTdEJTJDJTdCJTIybGlnaHRuZXNzJTIyJTNBMTYlN0QlNUQlN0QlMkMlN0IlMjJlbGVtZW50VHlwZSUyMiUzQSUyMmxhYmVscy50ZXh0LmZpbGwlMjIlMkMlMjJzdHlsZXJzJTIyJTNBJTVCJTdCJTIyc2F0dXJhdGlvbiUyMiUzQTM2JTdEJTJDJTdCJTIyY29sb3IlMjIlM0ElMjIlMjMzMzMzMzMlMjIlN0QlMkMlN0IlMjJsaWdodG5lc3MlMjIlM0E0MCU3RCU1RCU3RCUyQyU3QiUyMmVsZW1lbnRUeXBlJTIyJTNBJTIybGFiZWxzLmljb24lMjIlMkMlMjJzdHlsZXJzJTIyJTNBJTVCJTdCJTIydmlzaWJpbGl0eSUyMiUzQSUyMm9mZiUyMiU3RCU1RCU3RCUyQyU3QiUyMmZlYXR1cmVUeXBlJTIyJTNBJTIydHJhbnNpdCUyMiUyQyUyMmVsZW1lbnRUeXBlJTIyJTNBJTIyZ2VvbWV0cnklMjIlMkMlMjJzdHlsZXJzJTIyJTNBJTVCJTdCJTIyY29sb3IlMjIlM0ElMjIlMjNmMmYyZjIlMjIlN0QlMkMlN0IlMjJsaWdodG5lc3MlMjIlM0ExOSU3RCU1RCU3RCUyQyU3QiUyMmZlYXR1cmVUeXBlJTIyJTNBJTIyYWRtaW5pc3RyYXRpdmUlMjIlMkMlMjJlbGVtZW50VHlwZSUyMiUzQSUyMmdlb21ldHJ5LmZpbGwlMjIlMkMlMjJzdHlsZXJzJTIyJTNBJTVCJTdCJTIyY29sb3IlMjIlM0ElMjIlMjNmZWZlZmUlMjIlN0QlMkMlN0IlMjJsaWdodG5lc3MlMjIlM0EyMCU3RCU1RCU3RCUyQyU3QiUyMmZlYXR1cmVUeXBlJTIyJTNBJTIyYWRtaW5pc3RyYXRpdmUlMjIlMkMlMjJlbGVtZW50VHlwZSUyMiUzQSUyMmdlb21ldHJ5LnN0cm9rZSUyMiUyQyUyMnN0eWxlcnMlMjIlM0ElNUIlN0IlMjJjb2xvciUyMiUzQSUyMiUyM2ZlZmVmZSUyMiU3RCUyQyU3QiUyMmxpZ2h0bmVzcyUyMiUzQTE3JTdEJTJDJTdCJTIyd2VpZ2h0JTIyJTNBMS4yJTdEJTVEJTdEJTVE[\/cms_googlemap][\/vc_column][\/vc_row][vc_row full_width=&#8221;stretch_row&#8221; parallax=&#8221;content-moving&#8221; parallax_image=&#8221;2402&#8243; cms_row_class=&#8221;row-overlay dotted-overlay&#8221;][vc_column css=&#8221;.vc_custom_1527653788744{padding-top: 138px !important;padding-right: 30px !important;padding-bottom: 138px !important;padding-left: 30px !important;}&#8221;][cms_divider_title divider_pos=&#8221;top-right&#8221; el_title=&#8221;Sol\u00b7liciti&#8217;ns pressupost sense comprom\u00eds&#8221;][vc_row_inner row_border_box=&#8221;row-border-box&#8221; css=&#8221;.vc_custom_1540464169524{background-image: url(https:\/\/www.proserhabit.com\/wp-content\/uploads\/2018\/10\/form-bg.jpg?id=2400) !important;background-position: center !important;background-repeat: no-repeat !important;background-size: cover !important;}&#8221;][vc_column_inner width=&#8221;1\/2&#8243; cms_column_inner_class=&#8221;rm-padding-lg&#8221; css=&#8221;.vc_custom_1527654901936{padding-right: 35px !important;padding-bottom: 40px !important;}&#8221;][cms_heading text=&#8221;T\u00e9 alguna pregunta?<br \/>\nEscrigui&#8217;ns&#8230;&#8221; tag=&#8221;h4&#8243; font_size=&#8221;26px&#8221; font_size_md=&#8221;26px&#8221; font_size_sm=&#8221;26px&#8221; font_size_xs=&#8221;26px&#8221; line_height=&#8221;32px&#8221; line_height_md=&#8221;32px&#8221; line_height_sm=&#8221;32px&#8221; line_height_xs=&#8221;32px&#8221; font_weight=&#8221;700&#8243; margin_bottom=&#8221;25px&#8221;][vc_column_text]Mitjan\u00e7ant el nostre formulari de contacte pot deixar-nos els seus dubtes, demanar-nos informaci\u00f3 o demanar-nos pressupost sense comprom\u00eds. Digueu-nos qu\u00e8 necessita i junts ho farem realitat.[\/vc_column_text][\/vc_column_inner][vc_column_inner width=&#8221;1\/2&#8243; cms_column_inner_class=&#8221;rm-padding-lg&#8221; css=&#8221;.vc_custom_1527654907639{padding-top: 10px !important;padding-bottom: 40px !important;padding-left: 35px !important;}&#8221;][cms_contact_form id=&#8221;6&#8243;][\/vc_column_inner][\/vc_row_inner][cms_divider_title divider_pos=&#8221;bottom-left&#8221;][\/vc_column][\/vc_row]<\/p>\n<\/div>","protected":false},"excerpt":{"rendered":"<p>[vc_row equal_height=&#8221;yes&#8221; css=&#8221;.vc_custom_1540462379862{margin-bottom: 90px !important;}&#8221;][vc_column width=&#8221;1\/2&#8243; offset=&#8221;vc_col-lg-4 vc_col-md-5&#8243; css=&#8221;.vc_custom_1527520437156{padding-top: 0px !important;padding-bottom: 30px !important;}&#8221;][cms_contact_info cms_template=&#8221;cms_contact_info&#8211;layout3.php&#8221; el_title=&#8221;Les nostres dades&#8221; ctf_items2=&#8221;%5B%7B%22ctf_title%22%3A%22Truqui&#8217;ns%22%2C%22ctf_content%22%3A%2293%20777%2058%2006%3Cbr%3E%5Cn659%20303%20425%22%2C%22ctf_type%22%3A%22phone%22%7D%2C%7B%22ctf_title%22%3A%22Escrigui&#8217;ns%22%2C%22ctf_content%22%3A%22proserhabit%40proserhabit.com%22%2C%22ctf_type%22%3A%22email%22%7D%2C%7B%22ctf_title%22%3A%22Visiti&#8217;ns%22%2C%22ctf_content%22%3A%22Cam%C3%AD%20de%20Can%20Comelles%2C%202%3Cbr%3E%5Cn08292%20Esparreguera%3Cbr%3E%5CnBarcelona%22%2C%22ctf_type%22%3A%22address%22%7D%5D&#8221;][\/vc_column][vc_column width=&#8221;1\/2&#8243; offset=&#8221;vc_col-lg-8 vc_col-md-7&#8243; css=&#8221;.vc_custom_1527520442821{padding-top: 0px !important;padding-bottom: 30px !important;}&#8221;][cms_googlemap styles=&#8221;border-radius&#8221; api=&#8221;AIzaSyAsWYUdw4FETGA_MeAjgaK71Tpu4NCSi-4&#8243; address=&#8221;&#8221; coordinate=&#8221;41.544483,1.864737&#8243; markercoordinate=&#8221;41.544483,1.864737&#8243; markericon=&#8221;2391&#8243; style=&#8221;custom&#8221; zoom=&#8221;15&#8243; height=&#8221;430px&#8221; zoomcontrol=&#8221;1&#8243; maptypecontrol=&#8221;1&#8243; streetviewcontrol=&#8221;1&#8243; overviewmapcontrol=&#8221;1&#8243;]JTVCJTdCJTIyZmVhdHVyZVR5cGUlMjIlM0ElMjJ3YXRlciUyMiUyQyUyMmVsZW1lbnRUeXBlJTIyJTNBJTIyZ2VvbWV0cnklMjIlMkMlMjJzdHlsZXJzJTIyJTNBJTVCJTdCJTIyY29sb3IlMjIlM0ElMjIlMjNlOWU5ZTklMjIlN0QlMkMlN0IlMjJsaWdodG5lc3MlMjIlM0ExNyU3RCU1RCU3RCUyQyU3QiUyMmZlYXR1cmVUeXBlJTIyJTNBJTIybGFuZHNjYXBlJTIyJTJDJTIyZWxlbWVudFR5cGUlMjIlM0ElMjJnZW9tZXRyeSUyMiUyQyUyMnN0eWxlcnMlMjIlM0ElNUIlN0IlMjJjb2xvciUyMiUzQSUyMiUyM2Y1ZjVmNSUyMiU3RCUyQyU3QiUyMmxpZ2h0bmVzcyUyMiUzQTIwJTdEJTVEJTdEJTJDJTdCJTIyZmVhdHVyZVR5cGUlMjIlM0ElMjJyb2FkLmhpZ2h3YXklMjIlMkMlMjJlbGVtZW50VHlwZSUyMiUzQSUyMmdlb21ldHJ5LmZpbGwlMjIlMkMlMjJzdHlsZXJzJTIyJTNBJTVCJTdCJTIyY29sb3IlMjIlM0ElMjIlMjNmZmZmZmYlMjIlN0QlMkMlN0IlMjJsaWdodG5lc3MlMjIlM0ExNyU3RCU1RCU3RCUyQyU3QiUyMmZlYXR1cmVUeXBlJTIyJTNBJTIycm9hZC5oaWdod2F5JTIyJTJDJTIyZWxlbWVudFR5cGUlMjIlM0ElMjJnZW9tZXRyeS5zdHJva2UlMjIlMkMlMjJzdHlsZXJzJTIyJTNBJTVCJTdCJTIyY29sb3IlMjIlM0ElMjIlMjNmZmZmZmYlMjIlN0QlMkMlN0IlMjJsaWdodG5lc3MlMjIlM0EyOSU3RCUyQyU3QiUyMndlaWdodCUyMiUzQTAuMiU3RCU1RCU3RCUyQyU3QiUyMmZlYXR1cmVUeXBlJTIyJTNBJTIycm9hZC5hcnRlcmlhbCUyMiUyQyUyMmVsZW1lbnRUeXBlJTIyJTNBJTIyZ2VvbWV0cnklMjIlMkMlMjJzdHlsZXJzJTIyJTNBJTVCJTdCJTIyY29sb3IlMjIlM0ElMjIlMjNmZmZmZmYlMjIlN0QlMkMlN0IlMjJsaWdodG5lc3MlMjIlM0ExOCU3RCU1RCU3RCUyQyU3QiUyMmZlYXR1cmVUeXBlJTIyJTNBJTIycm9hZC5sb2NhbCUyMiUyQyUyMmVsZW1lbnRUeXBlJTIyJTNBJTIyZ2VvbWV0cnklMjIlMkMlMjJzdHlsZXJzJTIyJTNBJTVCJTdCJTIyY29sb3IlMjIlM0ElMjIlMjNmZmZmZmYlMjIlN0QlMkMlN0IlMjJsaWdodG5lc3MlMjIlM0ExNiU3RCU1RCU3RCUyQyU3QiUyMmZlYXR1cmVUeXBlJTIyJTNBJTIycG9pJTIyJTJDJTIyZWxlbWVudFR5cGUlMjIlM0ElMjJnZW9tZXRyeSUyMiUyQyUyMnN0eWxlcnMlMjIlM0ElNUIlN0IlMjJjb2xvciUyMiUzQSUyMiUyM2Y1ZjVmNSUyMiU3RCUyQyU3QiUyMmxpZ2h0bmVzcyUyMiUzQTIxJTdEJTVEJTdEJTJDJTdCJTIyZmVhdHVyZVR5cGUlMjIlM0ElMjJwb2kucGFyayUyMiUyQyUyMmVsZW1lbnRUeXBlJTIyJTNBJTIyZ2VvbWV0cnklMjIlMkMlMjJzdHlsZXJzJTIyJTNBJTVCJTdCJTIyY29sb3IlMjIlM0ElMjIlMjNkZWRlZGUlMjIlN0QlMkMlN0IlMjJsaWdodG5lc3MlMjIlM0EyMSU3RCU1RCU3RCUyQyU3QiUyMmVsZW1lbnRUeXBlJTIyJTNBJTIybGFiZWxzLnRleHQuc3Ryb2tlJTIyJTJDJTIyc3R5bGVycyUyMiUzQSU1QiU3QiUyMnZpc2liaWxpdHklMjIlM0ElMjJvbiUyMiU3RCUyQyU3QiUyMmNvbG9yJTIyJTNBJTIyJTIzZmZmZmZmJTIyJTdEJTJDJTdCJTIybGlnaHRuZXNzJTIyJTNBMTYlN0QlNUQlN0QlMkMlN0IlMjJlbGVtZW50VHlwZSUyMiUzQSUyMmxhYmVscy50ZXh0LmZpbGwlMjIlMkMlMjJzdHlsZXJzJTIyJTNBJTVCJTdCJTIyc2F0dXJhdGlvbiUyMiUzQTM2JTdEJTJDJTdCJTIyY29sb3IlMjIlM0ElMjIlMjMzMzMzMzMlMjIlN0QlMkMlN0IlMjJsaWdodG5lc3MlMjIlM0E0MCU3RCU1RCU3RCUyQyU3QiUyMmVsZW1lbnRUeXBlJTIyJTNBJTIybGFiZWxzLmljb24lMjIlMkMlMjJzdHlsZXJzJTIyJTNBJTVCJTdCJTIydmlzaWJpbGl0eSUyMiUzQSUyMm9mZiUyMiU3RCU1RCU3RCUyQyU3QiUyMmZlYXR1cmVUeXBlJTIyJTNBJTIydHJhbnNpdCUyMiUyQyUyMmVsZW1lbnRUeXBlJTIyJTNBJTIyZ2VvbWV0cnklMjIlMkMlMjJzdHlsZXJzJTIyJTNBJTVCJTdCJTIyY29sb3IlMjIlM0ElMjIlMjNmMmYyZjIlMjIlN0QlMkMlN0IlMjJsaWdodG5lc3MlMjIlM0ExOSU3RCU1RCU3RCUyQyU3QiUyMmZlYXR1cmVUeXBlJTIyJTNBJTIyYWRtaW5pc3RyYXRpdmUlMjIlMkMlMjJlbGVtZW50VHlwZSUyMiUzQSUyMmdlb21ldHJ5LmZpbGwlMjIlMkMlMjJzdHlsZXJzJTIyJTNBJTVCJTdCJTIyY29sb3IlMjIlM0ElMjIlMjNmZWZlZmUlMjIlN0QlMkMlN0IlMjJsaWdodG5lc3MlMjIlM0EyMCU3RCU1RCU3RCUyQyU3QiUyMmZlYXR1cmVUeXBlJTIyJTNBJTIyYWRtaW5pc3RyYXRpdmUlMjIlMkMlMjJlbGVtZW50VHlwZSUyMiUzQSUyMmdlb21ldHJ5LnN0cm9rZSUyMiUyQyUyMnN0eWxlcnMlMjIlM0ElNUIlN0IlMjJjb2xvciUyMiUzQSUyMiUyM2ZlZmVmZSUyMiU3RCUyQyU3QiUyMmxpZ2h0bmVzcyUyMiUzQTE3JTdEJTJDJTdCJTIyd2VpZ2h0JTIyJTNBMS4yJTdEJTVEJTdEJTVE[\/cms_googlemap][\/vc_column][\/vc_row][vc_row full_width=&#8221;stretch_row&#8221; parallax=&#8221;content-moving&#8221; parallax_image=&#8221;2402&#8243; cms_row_class=&#8221;row-overlay dotted-overlay&#8221;][vc_column css=&#8221;.vc_custom_1527653788744{padding-top: 138px !important;padding-right: 30px !important;padding-bottom: 138px !important;padding-left: 30px !important;}&#8221;][cms_divider_title divider_pos=&#8221;top-right&#8221; el_title=&#8221;Sol\u00b7liciti&#8217;ns [&hellip;]<\/p>\n","protected":false},"author":1,"featured_media":0,"parent":0,"menu_order":0,"comment_status":"closed","ping_status":"closed","template":"","meta":{"footnotes":""},"class_list":["post-3174","page","type-page","status-publish","hentry"],"yoast_head":"<!-- This site is optimized with the Yoast SEO plugin v26.6 - https:\/\/yoast.com\/wordpress\/plugins\/seo\/ -->\n<title>Contacti amb nosaltres \u00b7 Proserhabit \u00b7 Estructures de formig\u00f3 i serveis<\/title>\n<meta name=\"description\" content=\"Per a qualsevol consulta o pressupost pot trucar-nos al 93 777 58 06, escriure a proserhabit@proserhabit.com o visitar-nos a les nostres oficines.\" \/>\n<meta name=\"robots\" content=\"index, follow, max-snippet:-1, max-image-preview:large, max-video-preview:-1\" \/>\n<link rel=\"canonical\" href=\"https:\/\/www.proserhabit.com\/ca\/contacte\/\" \/>\n<meta property=\"og:locale\" content=\"ca_ES\" \/>\n<meta property=\"og:type\" content=\"article\" \/>\n<meta property=\"og:title\" content=\"Contacti amb nosaltres \u00b7 Proserhabit \u00b7 Estructures de formig\u00f3 i serveis\" \/>\n<meta property=\"og:description\" content=\"Per a qualsevol consulta o pressupost pot trucar-nos al 93 777 58 06, escriure a proserhabit@proserhabit.com o visitar-nos a les nostres oficines.\" \/>\n<meta property=\"og:url\" content=\"https:\/\/www.proserhabit.com\/ca\/contacte\/\" \/>\n<meta property=\"og:site_name\" content=\"Proserhabit\" \/>\n<meta property=\"article:modified_time\" content=\"2019-10-06T16:38:21+00:00\" \/>\n<meta property=\"og:image\" content=\"https:\/\/www.proserhabit.com\/wp-content\/uploads\/2019\/10\/proserhabit-fb.jpg\" \/>\n\t<meta property=\"og:image:width\" content=\"1200\" \/>\n\t<meta property=\"og:image:height\" content=\"630\" \/>\n\t<meta property=\"og:image:type\" content=\"image\/jpeg\" \/>\n<meta name=\"twitter:card\" content=\"summary_large_image\" \/>\n<meta name=\"twitter:image\" content=\"https:\/\/www.proserhabit.com\/wp-content\/uploads\/2019\/10\/proserhabit-tw.jpg\" \/>\n<meta name=\"twitter:label1\" content=\"Temps estimat de lectura\" \/>\n\t<meta name=\"twitter:data1\" content=\"3 minuts\" \/>\n<script type=\"application\/ld+json\" class=\"yoast-schema-graph\">{\"@context\":\"https:\/\/schema.org\",\"@graph\":[{\"@type\":\"WebPage\",\"@id\":\"https:\/\/www.proserhabit.com\/ca\/contacte\/\",\"url\":\"https:\/\/www.proserhabit.com\/ca\/contacte\/\",\"name\":\"Contacti amb nosaltres \u00b7 Proserhabit \u00b7 Estructures de formig\u00f3 i serveis\",\"isPartOf\":{\"@id\":\"https:\/\/www.proserhabit.com\/ca\/#website\"},\"datePublished\":\"2018-02-26T00:48:52+00:00\",\"dateModified\":\"2019-10-06T16:38:21+00:00\",\"description\":\"Per a qualsevol consulta o pressupost pot trucar-nos al 93 777 58 06, escriure a proserhabit@proserhabit.com o visitar-nos a les nostres oficines.\",\"breadcrumb\":{\"@id\":\"https:\/\/www.proserhabit.com\/ca\/contacte\/#breadcrumb\"},\"inLanguage\":\"ca\",\"potentialAction\":[{\"@type\":\"ReadAction\",\"target\":[\"https:\/\/www.proserhabit.com\/ca\/contacte\/\"]}]},{\"@type\":\"BreadcrumbList\",\"@id\":\"https:\/\/www.proserhabit.com\/ca\/contacte\/#breadcrumb\",\"itemListElement\":[{\"@type\":\"ListItem\",\"position\":1,\"name\":\"Portada\",\"item\":\"https:\/\/www.proserhabit.com\/ca\/\"},{\"@type\":\"ListItem\",\"position\":2,\"name\":\"Contacti amb nosaltres\"}]},{\"@type\":\"WebSite\",\"@id\":\"https:\/\/www.proserhabit.com\/ca\/#website\",\"url\":\"https:\/\/www.proserhabit.com\/ca\/\",\"name\":\"Proserhabit\",\"description\":\"S&oacute;lo otro sitio de WordPress\",\"publisher\":{\"@id\":\"https:\/\/www.proserhabit.com\/ca\/#organization\"},\"potentialAction\":[{\"@type\":\"SearchAction\",\"target\":{\"@type\":\"EntryPoint\",\"urlTemplate\":\"https:\/\/www.proserhabit.com\/ca\/?s={search_term_string}\"},\"query-input\":{\"@type\":\"PropertyValueSpecification\",\"valueRequired\":true,\"valueName\":\"search_term_string\"}}],\"inLanguage\":\"ca\"},{\"@type\":\"Organization\",\"@id\":\"https:\/\/www.proserhabit.com\/ca\/#organization\",\"name\":\"Proserhabit, S.L.\",\"url\":\"https:\/\/www.proserhabit.com\/ca\/\",\"logo\":{\"@type\":\"ImageObject\",\"inLanguage\":\"ca\",\"@id\":\"https:\/\/www.proserhabit.com\/ca\/#\/schema\/logo\/image\/\",\"url\":\"https:\/\/www.proserhabit.com\/wp-content\/uploads\/2018\/10\/proserhabit-logo-c.png\",\"contentUrl\":\"https:\/\/www.proserhabit.com\/wp-content\/uploads\/2018\/10\/proserhabit-logo-c.png\",\"width\":287,\"height\":55,\"caption\":\"Proserhabit, S.L.\"},\"image\":{\"@id\":\"https:\/\/www.proserhabit.com\/ca\/#\/schema\/logo\/image\/\"}}]}<\/script>\n<!-- \/ Yoast SEO plugin. -->","yoast_head_json":{"title":"Contacti amb nosaltres \u00b7 Proserhabit \u00b7 Estructures de formig\u00f3 i serveis","description":"Per a qualsevol consulta o pressupost pot trucar-nos al 93 777 58 06, escriure a proserhabit@proserhabit.com o visitar-nos a les nostres oficines.","robots":{"index":"index","follow":"follow","max-snippet":"max-snippet:-1","max-image-preview":"max-image-preview:large","max-video-preview":"max-video-preview:-1"},"canonical":"https:\/\/www.proserhabit.com\/ca\/contacte\/","og_locale":"ca_ES","og_type":"article","og_title":"Contacti amb nosaltres \u00b7 Proserhabit \u00b7 Estructures de formig\u00f3 i serveis","og_description":"Per a qualsevol consulta o pressupost pot trucar-nos al 93 777 58 06, escriure a proserhabit@proserhabit.com o visitar-nos a les nostres oficines.","og_url":"https:\/\/www.proserhabit.com\/ca\/contacte\/","og_site_name":"Proserhabit","article_modified_time":"2019-10-06T16:38:21+00:00","og_image":[{"width":1200,"height":630,"url":"https:\/\/www.proserhabit.com\/wp-content\/uploads\/2019\/10\/proserhabit-fb.jpg","type":"image\/jpeg"}],"twitter_card":"summary_large_image","twitter_image":"https:\/\/www.proserhabit.com\/wp-content\/uploads\/2019\/10\/proserhabit-tw.jpg","twitter_misc":{"Temps estimat de lectura":"3 minuts"},"schema":{"@context":"https:\/\/schema.org","@graph":[{"@type":"WebPage","@id":"https:\/\/www.proserhabit.com\/ca\/contacte\/","url":"https:\/\/www.proserhabit.com\/ca\/contacte\/","name":"Contacti amb nosaltres \u00b7 Proserhabit \u00b7 Estructures de formig\u00f3 i serveis","isPartOf":{"@id":"https:\/\/www.proserhabit.com\/ca\/#website"},"datePublished":"2018-02-26T00:48:52+00:00","dateModified":"2019-10-06T16:38:21+00:00","description":"Per a qualsevol consulta o pressupost pot trucar-nos al 93 777 58 06, escriure a proserhabit@proserhabit.com o visitar-nos a les nostres oficines.","breadcrumb":{"@id":"https:\/\/www.proserhabit.com\/ca\/contacte\/#breadcrumb"},"inLanguage":"ca","potentialAction":[{"@type":"ReadAction","target":["https:\/\/www.proserhabit.com\/ca\/contacte\/"]}]},{"@type":"BreadcrumbList","@id":"https:\/\/www.proserhabit.com\/ca\/contacte\/#breadcrumb","itemListElement":[{"@type":"ListItem","position":1,"name":"Portada","item":"https:\/\/www.proserhabit.com\/ca\/"},{"@type":"ListItem","position":2,"name":"Contacti amb nosaltres"}]},{"@type":"WebSite","@id":"https:\/\/www.proserhabit.com\/ca\/#website","url":"https:\/\/www.proserhabit.com\/ca\/","name":"Proserhabit","description":"S&oacute;lo otro sitio de WordPress","publisher":{"@id":"https:\/\/www.proserhabit.com\/ca\/#organization"},"potentialAction":[{"@type":"SearchAction","target":{"@type":"EntryPoint","urlTemplate":"https:\/\/www.proserhabit.com\/ca\/?s={search_term_string}"},"query-input":{"@type":"PropertyValueSpecification","valueRequired":true,"valueName":"search_term_string"}}],"inLanguage":"ca"},{"@type":"Organization","@id":"https:\/\/www.proserhabit.com\/ca\/#organization","name":"Proserhabit, S.L.","url":"https:\/\/www.proserhabit.com\/ca\/","logo":{"@type":"ImageObject","inLanguage":"ca","@id":"https:\/\/www.proserhabit.com\/ca\/#\/schema\/logo\/image\/","url":"https:\/\/www.proserhabit.com\/wp-content\/uploads\/2018\/10\/proserhabit-logo-c.png","contentUrl":"https:\/\/www.proserhabit.com\/wp-content\/uploads\/2018\/10\/proserhabit-logo-c.png","width":287,"height":55,"caption":"Proserhabit, S.L."},"image":{"@id":"https:\/\/www.proserhabit.com\/ca\/#\/schema\/logo\/image\/"}}]}},"_links":{"self":[{"href":"https:\/\/www.proserhabit.com\/ca\/wp-json\/wp\/v2\/pages\/3174","targetHints":{"allow":["GET"]}}],"collection":[{"href":"https:\/\/www.proserhabit.com\/ca\/wp-json\/wp\/v2\/pages"}],"about":[{"href":"https:\/\/www.proserhabit.com\/ca\/wp-json\/wp\/v2\/types\/page"}],"author":[{"embeddable":true,"href":"https:\/\/www.proserhabit.com\/ca\/wp-json\/wp\/v2\/users\/1"}],"replies":[{"embeddable":true,"href":"https:\/\/www.proserhabit.com\/ca\/wp-json\/wp\/v2\/comments?post=3174"}],"version-history":[{"count":3,"href":"https:\/\/www.proserhabit.com\/ca\/wp-json\/wp\/v2\/pages\/3174\/revisions"}],"predecessor-version":[{"id":3177,"href":"https:\/\/www.proserhabit.com\/ca\/wp-json\/wp\/v2\/pages\/3174\/revisions\/3177"}],"wp:attachment":[{"href":"https:\/\/www.proserhabit.com\/ca\/wp-json\/wp\/v2\/media?parent=3174"}],"curies":[{"name":"wp","href":"https:\/\/api.w.org\/{rel}","templated":true}]}}